{"id":7773,"date":"2020-06-12T16:50:35","date_gmt":"2020-06-12T19:50:35","guid":{"rendered":"https:\/\/uruguayaudiovisual.com\/?page_id=7773"},"modified":"2024-09-02T09:46:26","modified_gmt":"2024-09-02T12:46:26","slug":"uruguay-films","status":"publish","type":"page","link":"https:\/\/uruguayaudiovisual.com\/en\/uruguay-films\/","title":{"rendered":"Uruguay Films"},"content":{"rendered":"<p><div class=\"fusion-fullwidth fullwidth-box fusion-builder-row-1 fusion-flex-container nonhundred-percent-fullwidth non-hundred-percent-height-scrolling\" style=\"--awb-border-radius-top-left:0px;--awb-border-radius-top-right:0px;--awb-border-radius-bottom-right:0px;--awb-border-radius-bottom-left:0px;--awb-padding-top:3%;--awb-padding-right:5%;--awb-padding-bottom:2%;--awb-padding-left:5%;--awb-flex-wrap:wrap;\" ><div class=\"fusion-builder-row fusion-row fusion-flex-align-items-stretch fusion-flex-content-wrap\" style=\"max-width:1497.6px;margin-left: calc(-4% \/ 2 );margin-right: calc(-4% \/ 2 );\"><div class=\"fusion-layout-column fusion_builder_column fusion-builder-column-0 fusion_builder_column_1_1 1_1 fusion-flex-column\" style=\"--awb-bg-blend:overlay;--awb-bg-size:cover;--awb-width-large:100%;--awb-margin-top-large:0px;--awb-spacing-right-large:1.92%;--awb-margin-bottom-large:0px;--awb-spacing-left-large:1.92%;--awb-width-medium:100%;--awb-spacing-right-medium:1.92%;--awb-spacing-left-medium:1.92%;--awb-width-small:100%;--awb-spacing-right-small:1.92%;--awb-spacing-left-small:1.92%;\"><div class=\"fusion-column-wrapper fusion-flex-justify-content-flex-start fusion-content-layout-column\"><div class=\"fusion-text fusion-text-1\" style=\"--awb-font-size:17px;\"><p style=\"text-align: center;\"><span style=\"color: #000000;\">This is what the famous critic Nicol\u00e1s Azalbert said, in the French magazine <em>Cahiers du Cin\u00e9ma<\/em>, referring to the undisputed place of Uruguayan cinema on the international scene, with a market of only three and a half million inhabitants.<\/span><\/p>\n<\/div><\/div><\/div><\/div><\/div><div class=\"fusion-fullwidth fullwidth-box fusion-builder-row-2 fusion-flex-container hundred-percent-fullwidth non-hundred-percent-height-scrolling\" style=\"--awb-background-blend-mode:overlay;--awb-border-radius-top-left:0px;--awb-border-radius-top-right:0px;--awb-border-radius-bottom-right:0px;--awb-border-radius-bottom-left:0px;--awb-padding-top:50px;--awb-padding-right:50px;--awb-padding-bottom:50px;--awb-padding-left:0px;--awb-padding-right-small:50px;--awb-padding-left-small:50px;--awb-margin-bottom:0PX;--awb-background-color:rgba(239,239,239,0.78);--awb-flex-wrap:wrap;\" ><div class=\"fusion-builder-row fusion-row fusion-flex-align-items-flex-start fusion-flex-content-wrap\" style=\"width:104% !important;max-width:104% !important;margin-left: calc(-4% \/ 2 );margin-right: calc(-4% \/ 2 );\"><div class=\"fusion-layout-column fusion_builder_column fusion-builder-column-1 fusion_builder_column_1_2 1_2 fusion-flex-column fusion-flex-align-self-center\" style=\"--awb-padding-left:50px;--awb-padding-left-small:0px;--awb-bg-size:cover;--awb-width-large:50%;--awb-margin-top-large:0px;--awb-spacing-right-large:3.84%;--awb-margin-bottom-large:0px;--awb-spacing-left-large:3.84%;--awb-width-medium:33.333333333333%;--awb-spacing-right-medium:5.76%;--awb-spacing-left-medium:5.76%;--awb-width-small:100%;--awb-spacing-right-small:1.92%;--awb-spacing-left-small:1.92%;\"><div class=\"fusion-column-wrapper fusion-column-has-shadow fusion-flex-justify-content-center fusion-content-layout-column\"><div class=\"fusion-image-element \" style=\"text-align:center;--awb-max-width:400px;--awb-caption-title-font-family:var(--h2_typography-font-family);--awb-caption-title-font-weight:var(--h2_typography-font-weight);--awb-caption-title-font-style:var(--h2_typography-font-style);--awb-caption-title-size:var(--h2_typography-font-size);--awb-caption-title-transform:var(--h2_typography-text-transform);--awb-caption-title-line-height:var(--h2_typography-line-height);--awb-caption-title-letter-spacing:var(--h2_typography-letter-spacing);\"><span class=\" fusion-imageframe imageframe-none imageframe-1 hover-type-none\"><img decoding=\"async\" width=\"705\" height=\"318\" title=\"UruguayFilms_705\" src=\"https:\/\/uruguayaudiovisual.com\/wp-content\/uploads\/2023\/12\/UruguayFilms_705.png\" alt class=\"img-responsive wp-image-14905\" srcset=\"https:\/\/uruguayaudiovisual.com\/wp-content\/uploads\/2023\/12\/UruguayFilms_705-200x90.png 200w, https:\/\/uruguayaudiovisual.com\/wp-content\/uploads\/2023\/12\/UruguayFilms_705-400x180.png 400w, https:\/\/uruguayaudiovisual.com\/wp-content\/uploads\/2023\/12\/UruguayFilms_705-600x271.png 600w, https:\/\/uruguayaudiovisual.com\/wp-content\/uploads\/2023\/12\/UruguayFilms_705.png 705w\" sizes=\"(max-width: 1024px) 100vw, (max-width: 640px) 100vw, 705px\" \/><\/span><\/div><\/div><\/div><div class=\"fusion-layout-column fusion_builder_column fusion-builder-column-2 fusion_builder_column_1_2 1_2 fusion-flex-column\" style=\"--awb-bg-size:cover;--awb-width-large:50%;--awb-margin-top-large:0px;--awb-spacing-right-large:3.84%;--awb-margin-bottom-large:0px;--awb-spacing-left-large:3.84%;--awb-width-medium:66.666666666667%;--awb-spacing-right-medium:2.88%;--awb-spacing-left-medium:2.88%;--awb-width-small:100%;--awb-spacing-right-small:1.92%;--awb-spacing-left-small:1.92%;\"><div class=\"fusion-column-wrapper fusion-column-has-shadow fusion-flex-justify-content-flex-start fusion-content-layout-column\"><div class=\"fusion-text fusion-text-2\" style=\"--awb-text-color:#000000;\"><h3 style=\"color: #000000;\">More than 125 years of Uruguay Films<\/h3>\n<p>Just three years after the birth of cinema by the brothers Louis and Auguste Lumi\u00e8re, the documentary shortfilm Carrera de bicicletas en el vel\u00f3dromo de Arroyo Seco (1898), by F\u00e9lix Oliver, a spanish immigrant living in Montevideo, was created in Uruguay, considered the pioneer of Uruguayan cinematography.<\/p>\n<p>During the 20th century, activity around cinema in Uruguay continued to expand: the first silent works were born in the first decades; The expansion of cinemas throughout the country is consolidated in the mid-40s; Institutions such as the Cine Arte of the Official Radio Electric Broadcasting Service (SODRE), the Cine Club and the University Cinema emerged, and the Uruguayan Cinematheque was founded in 1952; In the 60s the first experimental works appeared along with documentary film\/political cinema, as well as the arrival in the 80s of the first national fiction films.<\/p>\n<\/div><\/div><\/div><\/div><\/div><div class=\"fusion-fullwidth fullwidth-box fusion-builder-row-3 fusion-flex-container hundred-percent-fullwidth non-hundred-percent-height-scrolling\" style=\"--awb-border-radius-top-left:0px;--awb-border-radius-top-right:0px;--awb-border-radius-bottom-right:0px;--awb-border-radius-bottom-left:0px;--awb-padding-top:50px;--awb-padding-right:50px;--awb-padding-bottom:50px;--awb-padding-left:50px;--awb-padding-right-small:50px;--awb-padding-left-small:50px;--awb-background-color:#d3edef;--awb-flex-wrap:wrap;\" ><div class=\"fusion-builder-row fusion-row fusion-flex-align-items-stretch fusion-flex-content-wrap\" style=\"width:104% !important;max-width:104% !important;margin-left: calc(-4% \/ 2 );margin-right: calc(-4% \/ 2 );\"><div class=\"fusion-layout-column fusion_builder_column fusion-builder-column-3 fusion_builder_column_1_1 1_1 fusion-flex-column\" style=\"--awb-bg-size:cover;--awb-width-large:100%;--awb-margin-top-large:0px;--awb-spacing-right-large:1.92%;--awb-margin-bottom-large:0px;--awb-spacing-left-large:1.92%;--awb-width-medium:100%;--awb-spacing-right-medium:1.92%;--awb-spacing-left-medium:1.92%;--awb-width-small:100%;--awb-spacing-right-small:1.92%;--awb-spacing-left-small:1.92%;\"><div class=\"fusion-column-wrapper fusion-column-has-shadow fusion-flex-justify-content-flex-start fusion-content-layout-column\"><div class=\"fusion-title title fusion-title-1 fusion-title-text fusion-title-size-three\" style=\"--awb-text-color:#000000;\"><div class=\"title-sep-container title-sep-container-left fusion-no-large-visibility fusion-no-medium-visibility fusion-no-small-visibility\"><div class=\"title-sep sep- sep-solid\" style=\"border-color:#e2e2e2;\"><\/div><\/div><span class=\"awb-title-spacer fusion-no-large-visibility fusion-no-medium-visibility fusion-no-small-visibility\"><\/span><h3 class=\"fusion-title-heading title-heading-left fusion-responsive-typography-calculated\" style=\"margin:0;--fontSize:25;line-height:1.6;\">The renewal of Uruguayan cinema and its projection<\/h3><span class=\"awb-title-spacer\"><\/span><div class=\"title-sep-container title-sep-container-right\"><div class=\"title-sep sep- sep-solid\" style=\"border-color:#e2e2e2;\"><\/div><\/div><\/div><\/div><\/div><div class=\"fusion-layout-column fusion_builder_column fusion-builder-column-4 fusion_builder_column_1_2 1_2 fusion-flex-column\" style=\"--awb-bg-size:cover;--awb-width-large:50%;--awb-margin-top-large:0px;--awb-spacing-right-large:3.84%;--awb-margin-bottom-large:0px;--awb-spacing-left-large:3.84%;--awb-width-medium:50%;--awb-order-medium:0;--awb-spacing-right-medium:3.84%;--awb-spacing-left-medium:3.84%;--awb-width-small:100%;--awb-order-small:0;--awb-spacing-right-small:1.92%;--awb-spacing-left-small:1.92%;\"><div class=\"fusion-column-wrapper fusion-column-has-shadow fusion-flex-justify-content-flex-start fusion-content-layout-column\"><div class=\"fusion-text fusion-text-3\" style=\"--awb-text-color:#000000;\"><p>At the beginning of the century, the stage of the \u201cnew Uruguayan cinema\u201d began, with films that left an imprint of an auteur cinema that continued to grow, accompanied by the local public and a strong international projection: in just ten years, Uruguay Films obtained 200 international awards and distinctions.<\/p>\n<p>Learn about the <a href=\"https:\/\/hitosdelcinenacional.acau.gub.uy\/\" target=\"_blank\" rel=\"noopener\">main milestones of Uruguayan cinema<\/a> in recent years and the data on national premieres from the <a href=\"https:\/\/www.acau.gub.uy\/innovaportal\/v\/97\/1\/acau\/observatorio-acau.html\" target=\"_blank\" rel=\"noopener\">ACAU Observatory<\/a>.<\/p>\n<\/div><\/div><\/div><div class=\"fusion-layout-column fusion_builder_column fusion-builder-column-5 fusion_builder_column_1_2 1_2 fusion-flex-column\" style=\"--awb-bg-size:cover;--awb-width-large:50%;--awb-margin-top-large:0px;--awb-spacing-right-large:3.84%;--awb-margin-bottom-large:0px;--awb-spacing-left-large:3.84%;--awb-width-medium:50%;--awb-order-medium:0;--awb-spacing-right-medium:3.84%;--awb-spacing-left-medium:3.84%;--awb-width-small:100%;--awb-order-small:0;--awb-spacing-right-small:1.92%;--awb-spacing-left-small:1.92%;\"><div class=\"fusion-column-wrapper fusion-column-has-shadow fusion-flex-justify-content-flex-start fusion-content-layout-column\"><div class=\"fusion-text fusion-text-4\" style=\"--awb-text-color:#000000;\"><p>With an increasingly wide diversity of genres and a development of talent at both a creative, artistic and technical level, Uruguayan cinema has established itself with one of the best relationships between the number of national releases and GDP in Latin America and has obtained international recognition in the most varied international festivals. The construction over the years of a public-private ecosystem that supports the creation of films and its promotion, has given rise to the existence of a wide catalog of work that we at Uruguay Films intend to present.<\/p>\n<\/div><div style=\"text-align:left;\"><a class=\"fusion-button button-flat fusion-button-default-size button-default fusion-button-default button-1 fusion-button-default-span fusion-button-default-type\" target=\"_blank\" rel=\"noopener noreferrer\" href=\"https:\/\/uruguayaudiovisual.com\/wp-content\/uploads\/2023\/12\/articulo_ACAU-125anos-cineuruguayo_EN.pdf\"><span class=\"fusion-button-text awb-button__text awb-button__text--default\">More information<\/span><\/a><\/div><\/div><\/div><\/div><\/div><div class=\"fusion-fullwidth fullwidth-box fusion-builder-row-4 fusion-flex-container fusion-parallax-none nonhundred-percent-fullwidth non-hundred-percent-height-scrolling\" style=\"--awb-border-radius-top-left:0px;--awb-border-radius-top-right:0px;--awb-border-radius-bottom-right:0px;--awb-border-radius-bottom-left:0px;--awb-padding-bottom-medium:5px;--awb-background-color:#d3edef;--awb-background-image:url(&quot;https:\/\/uruguayaudiovisual.com\/wp-content\/uploads\/2023\/12\/catalogo_Uruguay-Audiovisual.png&quot;);--awb-background-size:cover;--awb-flex-wrap:wrap;\" ><div class=\"fusion-builder-row fusion-row fusion-flex-align-items-flex-start fusion-flex-content-wrap\" style=\"max-width:calc( 1440px + 0px );margin-left: calc(-0px \/ 2 );margin-right: calc(-0px \/ 2 );\"><div class=\"fusion-layout-column fusion_builder_column fusion-builder-column-6 fusion_builder_column_1_1 1_1 fusion-flex-column fusion-animated\" style=\"--awb-padding-top:40px;--awb-padding-bottom-medium:3%;--awb-bg-size:cover;--awb-width-large:100%;--awb-margin-top-large:0px;--awb-spacing-right-large:0px;--awb-margin-bottom-large:0px;--awb-spacing-left-large:0px;--awb-width-medium:100%;--awb-spacing-right-medium:0px;--awb-spacing-left-medium:0px;--awb-width-small:100%;--awb-spacing-right-small:0px;--awb-spacing-left-small:0px;\" data-animationType=\"fadeIn\" data-animationDuration=\"0.3\" data-animationOffset=\"top-into-view\"><div class=\"fusion-column-wrapper fusion-column-has-shadow fusion-flex-justify-content-flex-start fusion-content-layout-column\"><div class=\"fusion-text fusion-text-5\"><h6 class=\"fusion-responsive-typography-calculated\" style=\"text-align: center; color: #ffffff; --fontsize: 15; line-height: 1.54; --minfontsize: 15;\" data-fontsize=\"15\" data-lineheight=\"23.1px\">DISCOVER URUGUAYAN WORKS AND PROJECTS<\/h6>\n<h2 class=\"fusion-responsive-typography-calculated\" style=\"text-align: center; --fontsize: 38; line-height: 1.2;\" data-fontsize=\"38\" data-lineheight=\"45.6px\"><span style=\"font-weight: 400; color: #ffffff;\">Catalogue<\/span><\/h2>\n<\/div><div style=\"text-align:center;\"><a class=\"fusion-button button-flat fusion-button-default-size button-custom fusion-button-default button-2 fusion-button-default-span fusion-button-default-type\" style=\"--button_accent_color:#000000;--button_border_color:#000000;--button_accent_hover_color:#ffffff;--button_border_hover_color:rgba(255,255,255,0);--button_gradient_top_color:#ffffff;--button_gradient_bottom_color:#ffffff;--button_gradient_top_color_hover:#1c75bc;--button_gradient_bottom_color_hover:#1c75bc;\" target=\"_self\" href=\"https:\/\/uruguayaudiovisual.com\/en\/proyectos\"><i class=\"fa-arrow-alt-circle-right far awb-button__icon awb-button__icon--default button-icon-left\" aria-hidden=\"true\"><\/i><span class=\"fusion-button-text awb-button__text awb-button__text--default\">ACCESS<\/span><\/a><\/div><div class=\"fusion-separator fusion-full-width-sep\" style=\"align-self: center;margin-left: auto;margin-right: auto;margin-top:20px;width:100%;\"><\/div><\/div><\/div><\/div><\/div><\/p>\n","protected":false},"excerpt":{"rendered":"","protected":false},"author":1,"featured_media":7775,"parent":0,"menu_order":0,"comment_status":"closed","ping_status":"closed","template":"100-width.php","meta":{"_acf_changed":false,"_monsterinsights_skip_tracking":false,"_monsterinsights_sitenote_active":false,"_monsterinsights_sitenote_note":"","_monsterinsights_sitenote_category":0,"footnotes":""},"class_list":["post-7773","page","type-page","status-publish","has-post-thumbnail","hentry"],"acf":[],"yoast_head":"<!-- This site is optimized with the Yoast SEO plugin v25.0 - https:\/\/yoast.com\/wordpress\/plugins\/seo\/ -->\n<title>Uruguay Films - Uruguay Audiovisual<\/title>\n<meta name=\"description\" content=\"Uruguayan cinema has a strong international projection, in just 10 years, more than 15 fiction and documentary films were selected at festivals\" \/>\n<meta name=\"robots\" content=\"index, follow, max-snippet:-1, max-image-preview:large, max-video-preview:-1\" \/>\n<link rel=\"canonical\" href=\"https:\/\/uruguayaudiovisual.com\/en\/uruguay-films\/\" \/>\n<meta property=\"og:locale\" content=\"en_US\" \/>\n<meta property=\"og:type\" content=\"article\" \/>\n<meta property=\"og:title\" content=\"Uruguay Films - Uruguay Audiovisual\" \/>\n<meta property=\"og:description\" content=\"Uruguayan cinema has a strong international projection, in just 10 years, more than 15 fiction and documentary films were selected at festivals\" \/>\n<meta property=\"og:url\" content=\"https:\/\/uruguayaudiovisual.com\/en\/uruguay-films\/\" \/>\n<meta property=\"og:site_name\" content=\"Uruguay Audiovisual\" \/>\n<meta property=\"article:modified_time\" content=\"2024-09-02T12:46:26+00:00\" \/>\n<meta property=\"og:image\" content=\"https:\/\/uruguayaudiovisual.com\/wp-content\/uploads\/2020\/06\/cine-uruguayo-fb-v2.jpg\" \/>\n\t<meta property=\"og:image:width\" content=\"1200\" \/>\n\t<meta property=\"og:image:height\" content=\"630\" \/>\n\t<meta property=\"og:image:type\" content=\"image\/jpeg\" \/>\n<meta name=\"twitter:card\" content=\"summary_large_image\" \/>\n<meta name=\"twitter:image\" content=\"https:\/\/uruguayaudiovisual.com\/wp-content\/uploads\/2020\/06\/cine-uruguayo-tw-v2.jpg\" \/>\n<meta name=\"twitter:label1\" content=\"Est. reading time\" \/>\n\t<meta name=\"twitter:data1\" content=\"3 minutes\" \/>\n<script type=\"application\/ld+json\" class=\"yoast-schema-graph\">{\"@context\":\"https:\/\/schema.org\",\"@graph\":[{\"@type\":\"WebPage\",\"@id\":\"https:\/\/uruguayaudiovisual.com\/en\/uruguay-films\/\",\"url\":\"https:\/\/uruguayaudiovisual.com\/en\/uruguay-films\/\",\"name\":\"Uruguay Films - Uruguay Audiovisual\",\"isPartOf\":{\"@id\":\"https:\/\/uruguayaudiovisual.com\/en\/#website\"},\"primaryImageOfPage\":{\"@id\":\"https:\/\/uruguayaudiovisual.com\/en\/uruguay-films\/#primaryimage\"},\"image\":{\"@id\":\"https:\/\/uruguayaudiovisual.com\/en\/uruguay-films\/#primaryimage\"},\"thumbnailUrl\":\"https:\/\/uruguayaudiovisual.com\/wp-content\/uploads\/2020\/06\/cine-uruguayo-fb-v2.jpg\",\"datePublished\":\"2020-06-12T19:50:35+00:00\",\"dateModified\":\"2024-09-02T12:46:26+00:00\",\"description\":\"Uruguayan cinema has a strong international projection, in just 10 years, more than 15 fiction and documentary films were selected at festivals\",\"breadcrumb\":{\"@id\":\"https:\/\/uruguayaudiovisual.com\/en\/uruguay-films\/#breadcrumb\"},\"inLanguage\":\"en-US\",\"potentialAction\":[{\"@type\":\"ReadAction\",\"target\":[\"https:\/\/uruguayaudiovisual.com\/en\/uruguay-films\/\"]}]},{\"@type\":\"ImageObject\",\"inLanguage\":\"en-US\",\"@id\":\"https:\/\/uruguayaudiovisual.com\/en\/uruguay-films\/#primaryimage\",\"url\":\"https:\/\/uruguayaudiovisual.com\/wp-content\/uploads\/2020\/06\/cine-uruguayo-fb-v2.jpg\",\"contentUrl\":\"https:\/\/uruguayaudiovisual.com\/wp-content\/uploads\/2020\/06\/cine-uruguayo-fb-v2.jpg\",\"width\":1200,\"height\":630},{\"@type\":\"BreadcrumbList\",\"@id\":\"https:\/\/uruguayaudiovisual.com\/en\/uruguay-films\/#breadcrumb\",\"itemListElement\":[{\"@type\":\"ListItem\",\"position\":1,\"name\":\"Portada\",\"item\":\"https:\/\/uruguayaudiovisual.com\/en\/\"},{\"@type\":\"ListItem\",\"position\":2,\"name\":\"Uruguay Films\"}]},{\"@type\":\"WebSite\",\"@id\":\"https:\/\/uruguayaudiovisual.com\/en\/#website\",\"url\":\"https:\/\/uruguayaudiovisual.com\/en\/\",\"name\":\"Uruguay Audiovisual\",\"description\":\"Uruguay Audiovisual\",\"publisher\":{\"@id\":\"https:\/\/uruguayaudiovisual.com\/en\/#organization\"},\"potentialAction\":[{\"@type\":\"SearchAction\",\"target\":{\"@type\":\"EntryPoint\",\"urlTemplate\":\"https:\/\/uruguayaudiovisual.com\/en\/?s={search_term_string}\"},\"query-input\":{\"@type\":\"PropertyValueSpecification\",\"valueRequired\":true,\"valueName\":\"search_term_string\"}}],\"inLanguage\":\"en-US\"},{\"@type\":\"Organization\",\"@id\":\"https:\/\/uruguayaudiovisual.com\/en\/#organization\",\"name\":\"Uruguay Audiovisual\",\"url\":\"https:\/\/uruguayaudiovisual.com\/en\/\",\"logo\":{\"@type\":\"ImageObject\",\"inLanguage\":\"en-US\",\"@id\":\"https:\/\/uruguayaudiovisual.com\/en\/#\/schema\/logo\/image\/\",\"url\":\"https:\/\/uruguayaudiovisual.com\/wp-content\/uploads\/2020\/01\/LOGO-URUGUAY-AUDIOVISUAL-colores-01.svg\",\"contentUrl\":\"https:\/\/uruguayaudiovisual.com\/wp-content\/uploads\/2020\/01\/LOGO-URUGUAY-AUDIOVISUAL-colores-01.svg\",\"width\":226,\"height\":84,\"caption\":\"Uruguay Audiovisual\"},\"image\":{\"@id\":\"https:\/\/uruguayaudiovisual.com\/en\/#\/schema\/logo\/image\/\"}}]}<\/script>\n<!-- \/ Yoast SEO plugin. -->","yoast_head_json":{"title":"Uruguay Films - Uruguay Audiovisual","description":"Uruguayan cinema has a strong international projection, in just 10 years, more than 15 fiction and documentary films were selected at festivals","robots":{"index":"index","follow":"follow","max-snippet":"max-snippet:-1","max-image-preview":"max-image-preview:large","max-video-preview":"max-video-preview:-1"},"canonical":"https:\/\/uruguayaudiovisual.com\/en\/uruguay-films\/","og_locale":"en_US","og_type":"article","og_title":"Uruguay Films - Uruguay Audiovisual","og_description":"Uruguayan cinema has a strong international projection, in just 10 years, more than 15 fiction and documentary films were selected at festivals","og_url":"https:\/\/uruguayaudiovisual.com\/en\/uruguay-films\/","og_site_name":"Uruguay Audiovisual","article_modified_time":"2024-09-02T12:46:26+00:00","og_image":[{"width":1200,"height":630,"url":"https:\/\/uruguayaudiovisual.com\/wp-content\/uploads\/2020\/06\/cine-uruguayo-fb-v2.jpg","type":"image\/jpeg"}],"twitter_card":"summary_large_image","twitter_image":"https:\/\/uruguayaudiovisual.com\/wp-content\/uploads\/2020\/06\/cine-uruguayo-tw-v2.jpg","twitter_misc":{"Est. reading time":"3 minutes"},"schema":{"@context":"https:\/\/schema.org","@graph":[{"@type":"WebPage","@id":"https:\/\/uruguayaudiovisual.com\/en\/uruguay-films\/","url":"https:\/\/uruguayaudiovisual.com\/en\/uruguay-films\/","name":"Uruguay Films - Uruguay Audiovisual","isPartOf":{"@id":"https:\/\/uruguayaudiovisual.com\/en\/#website"},"primaryImageOfPage":{"@id":"https:\/\/uruguayaudiovisual.com\/en\/uruguay-films\/#primaryimage"},"image":{"@id":"https:\/\/uruguayaudiovisual.com\/en\/uruguay-films\/#primaryimage"},"thumbnailUrl":"https:\/\/uruguayaudiovisual.com\/wp-content\/uploads\/2020\/06\/cine-uruguayo-fb-v2.jpg","datePublished":"2020-06-12T19:50:35+00:00","dateModified":"2024-09-02T12:46:26+00:00","description":"Uruguayan cinema has a strong international projection, in just 10 years, more than 15 fiction and documentary films were selected at festivals","breadcrumb":{"@id":"https:\/\/uruguayaudiovisual.com\/en\/uruguay-films\/#breadcrumb"},"inLanguage":"en-US","potentialAction":[{"@type":"ReadAction","target":["https:\/\/uruguayaudiovisual.com\/en\/uruguay-films\/"]}]},{"@type":"ImageObject","inLanguage":"en-US","@id":"https:\/\/uruguayaudiovisual.com\/en\/uruguay-films\/#primaryimage","url":"https:\/\/uruguayaudiovisual.com\/wp-content\/uploads\/2020\/06\/cine-uruguayo-fb-v2.jpg","contentUrl":"https:\/\/uruguayaudiovisual.com\/wp-content\/uploads\/2020\/06\/cine-uruguayo-fb-v2.jpg","width":1200,"height":630},{"@type":"BreadcrumbList","@id":"https:\/\/uruguayaudiovisual.com\/en\/uruguay-films\/#breadcrumb","itemListElement":[{"@type":"ListItem","position":1,"name":"Portada","item":"https:\/\/uruguayaudiovisual.com\/en\/"},{"@type":"ListItem","position":2,"name":"Uruguay Films"}]},{"@type":"WebSite","@id":"https:\/\/uruguayaudiovisual.com\/en\/#website","url":"https:\/\/uruguayaudiovisual.com\/en\/","name":"Uruguay Audiovisual","description":"Uruguay Audiovisual","publisher":{"@id":"https:\/\/uruguayaudiovisual.com\/en\/#organization"},"potentialAction":[{"@type":"SearchAction","target":{"@type":"EntryPoint","urlTemplate":"https:\/\/uruguayaudiovisual.com\/en\/?s={search_term_string}"},"query-input":{"@type":"PropertyValueSpecification","valueRequired":true,"valueName":"search_term_string"}}],"inLanguage":"en-US"},{"@type":"Organization","@id":"https:\/\/uruguayaudiovisual.com\/en\/#organization","name":"Uruguay Audiovisual","url":"https:\/\/uruguayaudiovisual.com\/en\/","logo":{"@type":"ImageObject","inLanguage":"en-US","@id":"https:\/\/uruguayaudiovisual.com\/en\/#\/schema\/logo\/image\/","url":"https:\/\/uruguayaudiovisual.com\/wp-content\/uploads\/2020\/01\/LOGO-URUGUAY-AUDIOVISUAL-colores-01.svg","contentUrl":"https:\/\/uruguayaudiovisual.com\/wp-content\/uploads\/2020\/01\/LOGO-URUGUAY-AUDIOVISUAL-colores-01.svg","width":226,"height":84,"caption":"Uruguay Audiovisual"},"image":{"@id":"https:\/\/uruguayaudiovisual.com\/en\/#\/schema\/logo\/image\/"}}]}},"_links":{"self":[{"href":"https:\/\/uruguayaudiovisual.com\/en\/wp-json\/wp\/v2\/pages\/7773","targetHints":{"allow":["GET"]}}],"collection":[{"href":"https:\/\/uruguayaudiovisual.com\/en\/wp-json\/wp\/v2\/pages"}],"about":[{"href":"https:\/\/uruguayaudiovisual.com\/en\/wp-json\/wp\/v2\/types\/page"}],"author":[{"embeddable":true,"href":"https:\/\/uruguayaudiovisual.com\/en\/wp-json\/wp\/v2\/users\/1"}],"replies":[{"embeddable":true,"href":"https:\/\/uruguayaudiovisual.com\/en\/wp-json\/wp\/v2\/comments?post=7773"}],"version-history":[{"count":6,"href":"https:\/\/uruguayaudiovisual.com\/en\/wp-json\/wp\/v2\/pages\/7773\/revisions"}],"predecessor-version":[{"id":15278,"href":"https:\/\/uruguayaudiovisual.com\/en\/wp-json\/wp\/v2\/pages\/7773\/revisions\/15278"}],"wp:featuredmedia":[{"embeddable":true,"href":"https:\/\/uruguayaudiovisual.com\/en\/wp-json\/wp\/v2\/media\/7775"}],"wp:attachment":[{"href":"https:\/\/uruguayaudiovisual.com\/en\/wp-json\/wp\/v2\/media?parent=7773"}],"curies":[{"name":"wp","href":"https:\/\/api.w.org\/{rel}","templated":true}]}}